{"id":11885,"date":"2023-11-01T00:01:15","date_gmt":"2023-11-01T05:01:15","guid":{"rendered":"https:\/\/cerlacapilla.edu.co\/web\/?page_id=11885"},"modified":"2023-11-01T19:00:16","modified_gmt":"2023-11-02T00:00:16","slug":"invitacion-publica-003-de-2023","status":"publish","type":"page","link":"https:\/\/cerlacapilla.edu.co\/web\/invitacion-publica-003-de-2023\/","title":{"rendered":"Invitaci\u00f3n Publica 003 de 2023"},"content":{"rendered":"<p><a href=\"https:\/\/cerlacapilla.edu.co\/web\/wp-content\/uploads\/2023\/10\/INVITACION-A-PUBLICA-003-23.pdf\">INVITACION A P\u00daBLICA 003-23<\/a><\/p>\n<p>Cordial Saludo, La Instituci\u00f3n Educativa invita a todos aquello proveedores que deseen postular su propuesta para compra de materiales de Ferreter\u00eda a seguir el proceso seg\u00fan Invitaci\u00f3n<\/p>\n","protected":false},"excerpt":{"rendered":"<p>INVITACION A P\u00daBLICA 003-23 Cordial Saludo, La Instituci\u00f3n Educativa invita a todos aquello proveedores que deseen postular su propuesta para compra de materiales de Ferreter\u00eda a seguir el proceso seg\u00fan Invitaci\u00f3n<\/p>\n","protected":false},"author":2,"featured_media":0,"parent":0,"menu_order":0,"comment_status":"closed","ping_status":"closed","template":"","meta":{"footnotes":""},"class_list":["post-11885","page","type-page","status-publish","hentry"],"_links":{"self":[{"href":"https:\/\/cerlacapilla.edu.co\/web\/wp-json\/wp\/v2\/pages\/11885","targetHints":{"allow":["GET"]}}],"collection":[{"href":"https:\/\/cerlacapilla.edu.co\/web\/wp-json\/wp\/v2\/pages"}],"about":[{"href":"https:\/\/cerlacapilla.edu.co\/web\/wp-json\/wp\/v2\/types\/page"}],"author":[{"embeddable":true,"href":"https:\/\/cerlacapilla.edu.co\/web\/wp-json\/wp\/v2\/users\/2"}],"replies":[{"embeddable":true,"href":"https:\/\/cerlacapilla.edu.co\/web\/wp-json\/wp\/v2\/comments?post=11885"}],"version-history":[{"count":1,"href":"https:\/\/cerlacapilla.edu.co\/web\/wp-json\/wp\/v2\/pages\/11885\/revisions"}],"predecessor-version":[{"id":11887,"href":"https:\/\/cerlacapilla.edu.co\/web\/wp-json\/wp\/v2\/pages\/11885\/revisions\/11887"}],"wp:attachment":[{"href":"https:\/\/cerlacapilla.edu.co\/web\/wp-json\/wp\/v2\/media?parent=11885"}],"curies":[{"name":"wp","href":"https:\/\/api.w.org\/{rel}","templated":true}]}}