{"id":11502,"date":"2019-03-21T15:20:48","date_gmt":"2019-03-21T20:20:48","guid":{"rendered":"https:\/\/cerlacapilla.edu.co\/web\/?page_id=11502"},"modified":"2025-10-12T21:53:24","modified_gmt":"2025-10-13T02:53:24","slug":"nuestro-colegio","status":"publish","type":"page","link":"https:\/\/cerlacapilla.edu.co\/web\/nuestro-colegio\/","title":{"rendered":"Nuestro Colegio"},"content":{"rendered":"<div class=\"wpb-content-wrapper\"><p>[vc_row][vc_column]<div class=\"thim-widget-heading template-base\"><div class=\"sc_heading  text-center\"><h3 style=\"font-size:35px;font-weight:600;\" class=\"title\">Informaci\u00f3n <strong>Institucional<\/strong><\/h3><\/div><\/div>[\/vc_column][\/vc_row][vc_row css=\u00bb.vc_custom_1559531433775{margin-bottom: 15px !important;}\u00bb][vc_column width=\u00bb1\/2&#8243; css=\u00bb.vc_custom_1562356771714{margin-bottom: 30px !important;}\u00bb][vc_column_text]<\/p>\n<h3 class=\"thim-text-title\">Misi\u00f3n<\/h3>\n<p>La Instituci\u00f3n Educativa Rural La Capilla de Toledo, orienta la formaci\u00f3n integral e inclusiva de ni\u00f1os, ni\u00f1as, adolescentes y j\u00f3venes en los niveles de Preescolar, B\u00e1sica Primaria, B\u00e1sica Secundaria y Media T\u00e9cnica, con calidad, en conocimientos, competencias, valores, tecnolog\u00eda e investigaci\u00f3n, emprendimiento, fortalecimiento y consolidaci\u00f3n de talentos, para la formaci\u00f3n de seres humanos cr\u00edticos, responsables y asertivos, mediante la gesti\u00f3n de procesos pedag\u00f3gicos con alto sentido de exigencia acad\u00e9mica y convivencial, que los conduzcan al mejoramiento de su calidad de vida y de la de su entorno.[\/vc_column_text][\/vc_column][vc_column width=\u00bb1\/2&#8243; css=\u00bb.vc_custom_1562356780276{margin-bottom: 30px !important;}\u00bb][vc_column_text]<\/p>\n<h3 class=\"thim-text-title\">Visi\u00f3n<\/h3>\n<p>La Instituci\u00f3n Educativa Rural La Capilla en el a\u00f1o 2027 ofrece educaci\u00f3n de<br \/>\ncalidad e inclusiva, para la optimizaci\u00f3n del contexto, formando conciencia<br \/>\nciudadana en los ni\u00f1os, ni\u00f1as, adolescentes y j\u00f3venes, con autonom\u00eda e incluyente que promover\u00e1 bachilleres con una formaci\u00f3n t\u00e9cnica en articulaci\u00f3n con el SENA, basada en principios \u00e9ticos, competencias ciudadanas y laborales para ser emprendedores de peque\u00f1as y medianas empresas, mediante modelos pedag\u00f3gicos centrados en el desarrollo comunitario y la tecnolog\u00eda, que contribuyan a mejorar la calidad de vida de los habitantes del Municipio de Toledo.[\/vc_column_text][\/vc_column][vc_column][vc_text_separator][\/vc_column][\/vc_row][vc_row][vc_column][vc_tta_tabs][vc_tta_section title=\u00bbRESE\u00d1A HIST\u00d3RICA\u00bb tab_id=\u00bb1553201553639-a4a157b2-0618&#8243;][vc_column_text css=\u00bb\u00bb]LA INSTITUCI\u00d3N EDUCATIVA RURAL LA CAPILLA DEL MUNICIPIO DE TOLEDO DEPARTAMENTO NORTE DE SANTANDER, es una Instituci\u00f3n de car\u00e1cter oficial y de naturaleza mixta, con niveles de preescolar, B\u00e1sica primaria, B\u00e1sica secundaria y Media T\u00e9cnica en Agroindustria Alimentaria en articulaci\u00f3n con el SENA.<\/p>\n<p>El Centro Educativo Rural La Capilla, fue creado mediante Resoluci\u00f3n 00339 del 11 de Noviembre de 1994.<\/p>\n<p>Inicio labores en el a\u00f1o 1992, con la metodolog\u00eda Escuela Nueva Postprimaria rural y la actualidad el modelo de EDUCACI\u00d3N MEDIA ACAD\u00c9MICA RURAL, con un enfoque pedag\u00f3gico de aprendizajes productivos, garantizando la formaci\u00f3n de j\u00f3venes con mentalidad critica, planificadora y productiva.<\/p>\n<p>Fue creado como Centro Educativo Rural La Capilla, mediante el decreto 00252 del 12 de abril de 2005, con las siguientes sedes: HATOS ALTO, LA CAMACHA, PALMAR ALTO, PALMAR BAJO, SAMARIA, BELCHITE, SABANALARGA, HATO GRANDE, CAMPO ALEGRE, SAN IGNACIO, CORRALITOS Y LA CARBONERA.<\/p>\n<p>Mediante decreto 00268____ del 29 de 2005, se designa como Director Rural de la Instituci\u00f3n Educativa Rural La Capilla al Licenciado LUIS JOS\u00c9 VARGAS GONZ\u00c1LEZ.<\/p>\n<p>Mediante Decreto de Creaci\u00f3n N\u00b0 001189 del 08 de Septiembre de 2021 es convertida en Instituci\u00f3n Educativa Rural La Capilla y es nombrado como rector Luis Jos\u00e9 Vargas Gonz\u00e1lez.<\/p>\n<p>En el a\u00f1o 2023 el equipo de Calidad e Inspecci\u00f3n y Vigilancia de la Secretaria de Educaci\u00f3n Departamental avalan la Media T\u00e9cnica en Agroindustria Alimentaria.<\/p>\n<p>Su actual rector es el Magister Gabriel Quintero Velandia[\/vc_column_text][\/vc_tta_section][vc_tta_section title=\u00bbPRINCIPIOS INSTITUCIONALES\u00bb tab_id=\u00bb1553201553661-4cb8a9a4-11b5&#8243;][vc_column_text]<strong>APRENDIZAJE ACTIVO<\/strong>: Centrado en el Estudiante, un curr\u00edculo permanente y relacionado con la vida del ni\u00f1o, la ni\u00f1a y los j\u00f3venes, calendarios y sistemas de promoci\u00f3n y evaluaci\u00f3n flexibles.<\/p>\n<p><strong>EQUIDAD<\/strong>: La Comunidad Educativa del Centro Educativo Rural La Capilla act\u00faa con justicia, brindando una Convivencia Arm\u00f3nica.<\/p>\n<p><strong>LA COHERENCIA<\/strong>: El Estudiante del Centro Educativo Rural La Capilla es una persona \u00edntegra que act\u00faa de acuerdo a su pre saberes y saberes.<\/p>\n<p><strong>PRO ACTIVIDAD<\/strong>: El Estudiante del Centro Educativo Rural La Capilla previene y soluciona situaciones cotidianas.<\/p>\n<p><strong>AUTONOM\u00cdA Y RESPONSABILIDAD<\/strong>: El Estudiante es aut\u00f3nomo en sus decisiones y los procesos de Ense\u00f1anza-Aprendizaje; cumpliendo eficaz mente el rol de Estudiante.[\/vc_column_text][\/vc_tta_section][\/vc_tta_tabs][\/vc_column][\/vc_row][vc_row][vc_column]<div class=\"thim-widget-heading template-base\"><div class=\"sc_heading  text-center\"><h3 class=\"title\">S\u00cdMBOLOS <strong>INSTITUCIONALES<\/strong><\/h3><\/div><\/div>[vc_column_text]<\/p>\n<h3 class=\"thim-text-title\">ESCUDO<\/h3>\n<p>[\/vc_column_text][vc_single_image image=\u00bb11825&#8243; img_size=\u00bbmedium\u00bb alignment=\u00bbcenter\u00bb][\/vc_column][\/vc_row][vc_row disable_element=\u00bbyes\u00bb css=\u00bb.vc_custom_1562356721156{background-color: #95c5f4 !important;}\u00bb][vc_column][vc_row_inner][vc_column_inner]<div class=\"thim-widget-heading template-base\"><div class=\"sc_heading  text-center\"><h3 class=\"title\"><strong>Himno<\/strong> Institucional<\/h3><span class=\"line\"><\/span><\/div><\/div>[\/vc_column_inner][\/vc_row_inner][vc_row_inner][vc_column_inner width=\u00bb1\/3&#8243;]<div class=\"thim-widget-heading template-base\"><div class=\"sc_heading  text-center\"><h3 class=\"title\">CORO<\/h3><span class=\"line\"><\/span><\/div><\/div>[vc_column_text]<\/p>\n<div style=\"text-align: center;\">coro coro coro<\/div>\n<div style=\"text-align: center;\">coro coro<\/div>\n<div style=\"text-align: center;\">coro coro coro<\/div>\n<div style=\"text-align: center;\"><\/div>\n<p>[\/vc_column_text]<div class=\"thim-widget-heading template-base\"><div class=\"sc_heading  text-center\"><h3 class=\"title\">III<\/h3><span class=\"line\"><\/span><\/div><\/div>[vc_column_text]<\/p>\n<div style=\"text-align: center;\">coro coro coro<\/div>\n<div style=\"text-align: center;\">coro coro<\/div>\n<div style=\"text-align: center;\">coro coro coro<\/div>\n<p>[\/vc_column_text][\/vc_column_inner][vc_column_inner width=\u00bb1\/3&#8243;]<div class=\"thim-widget-heading template-base\"><div class=\"sc_heading  text-center\"><h3 class=\"title\">I<\/h3><span class=\"line\"><\/span><\/div><\/div>[vc_column_text]<\/p>\n<div style=\"text-align: center;\">coro coro coro<\/div>\n<div style=\"text-align: center;\">coro coro<\/div>\n<div style=\"text-align: center;\">coro coro coro<\/div>\n<p>[\/vc_column_text]<div class=\"thim-widget-heading template-base\"><div class=\"sc_heading  text-center\"><h3 class=\"title\">IV<\/h3><span class=\"line\"><\/span><\/div><\/div>[vc_column_text]<\/p>\n<div style=\"text-align: center;\">coro coro coro<\/div>\n<div style=\"text-align: center;\">coro coro<\/div>\n<div style=\"text-align: center;\">coro coro coro<\/div>\n<p>[\/vc_column_text][\/vc_column_inner][vc_column_inner width=\u00bb1\/3&#8243;]<div class=\"thim-widget-heading template-base\"><div class=\"sc_heading  text-center\"><h3 class=\"title\">II<\/h3><span class=\"line\"><\/span><\/div><\/div>[vc_column_text]<\/p>\n<div style=\"text-align: center;\">coro coro coro<\/div>\n<div style=\"text-align: center;\">coro coro<\/div>\n<div style=\"text-align: center;\">coro coro coro<\/div>\n<p>[\/vc_column_text]<div class=\"thim-widget-heading template-base\"><div class=\"sc_heading  text-center\"><h3 class=\"title\">V<\/h3><span class=\"line\"><\/span><\/div><\/div>[vc_column_text]<\/p>\n<div style=\"text-align: center;\">coro coro coro<\/div>\n<div style=\"text-align: center;\">coro coro<\/div>\n<div style=\"text-align: center;\">coro coro coro<\/div>\n<p>[\/vc_column_text][\/vc_column_inner][\/vc_row_inner][\/vc_column][\/vc_row]<\/p>\n<\/div>","protected":false},"excerpt":{"rendered":"<p>[vc_row][vc_column][\/vc_column][\/vc_row][vc_row css=\u00bb.vc_custom_1559531433775{margin-bottom: 15px !important;}\u00bb][vc_column width=\u00bb1\/2&#8243; css=\u00bb.vc_custom_1562356771714{margin-bottom: 30px !important;}\u00bb][vc_column_text] Misi\u00f3n La Instituci\u00f3n Educativa Rural La Capilla de Toledo, orienta la formaci\u00f3n integral e inclusiva de ni\u00f1os, ni\u00f1as, adolescentes y j\u00f3venes en los niveles de Preescolar, B\u00e1sica Primaria, B\u00e1sica Secundaria y Media &hellip; <\/p>\n","protected":false},"author":1,"featured_media":0,"parent":0,"menu_order":0,"comment_status":"closed","ping_status":"closed","template":"","meta":{"footnotes":""},"class_list":["post-11502","page","type-page","status-publish","hentry"],"_links":{"self":[{"href":"https:\/\/cerlacapilla.edu.co\/web\/wp-json\/wp\/v2\/pages\/11502","targetHints":{"allow":["GET"]}}],"collection":[{"href":"https:\/\/cerlacapilla.edu.co\/web\/wp-json\/wp\/v2\/pages"}],"about":[{"href":"https:\/\/cerlacapilla.edu.co\/web\/wp-json\/wp\/v2\/types\/page"}],"author":[{"embeddable":true,"href":"https:\/\/cerlacapilla.edu.co\/web\/wp-json\/wp\/v2\/users\/1"}],"replies":[{"embeddable":true,"href":"https:\/\/cerlacapilla.edu.co\/web\/wp-json\/wp\/v2\/comments?post=11502"}],"version-history":[{"count":9,"href":"https:\/\/cerlacapilla.edu.co\/web\/wp-json\/wp\/v2\/pages\/11502\/revisions"}],"predecessor-version":[{"id":11917,"href":"https:\/\/cerlacapilla.edu.co\/web\/wp-json\/wp\/v2\/pages\/11502\/revisions\/11917"}],"wp:attachment":[{"href":"https:\/\/cerlacapilla.edu.co\/web\/wp-json\/wp\/v2\/media?parent=11502"}],"curies":[{"name":"wp","href":"https:\/\/api.w.org\/{rel}","templated":true}]}}